{"id":11,"date":"2025-11-03T17:13:19","date_gmt":"2025-11-03T22:13:19","guid":{"rendered":"https:\/\/www.oaq.com\/ressources\/?page_id=11"},"modified":"2025-12-15T14:44:31","modified_gmt":"2025-12-15T19:44:31","slug":"publications-ordre","status":"publish","type":"page","link":"https:\/\/www.oaq.com\/ressources\/publications-ordre\/","title":{"rendered":"Publications de l&rsquo;Ordre"},"content":{"rendered":"<section class=\"block-listing alignwide\"\n>\n    <div class=\"block-listing__filters\">\n      <div class=\"facetwp-facet facetwp-facet-listing_search facetwp-type-search\" data-name=\"listing_search\" data-type=\"search\"><\/div>      <div class=\"facetwp-facet facetwp-facet-global_subjects facetwp-type-radio\" data-name=\"global_subjects\" data-type=\"radio\"><\/div>      <div class=\"block-listing__sort-wrapper\">\n        <div class=\"block-listing__sort\">\n          <span class=\"block-listing__sort__icon icon-filters\"><\/span>\n          <span class=\"block-listing__sort__label\">Filtrer par type de contenu :<\/span>\n          <div class=\"facetwp-facet facetwp-facet-posts_publication_type facetwp-type-dropdown\" data-name=\"posts_publication_type\" data-type=\"dropdown\"><\/div>        <\/div>\n      <\/div>\n    <\/div>\n    <div class=\"block-listing__listing facetwp-template\">\n      \n<div class=\"post-item post-item--post\">\n  <a class=\"post-item__inner\" href=\"https:\/\/www.oaq.com\/ressources\/publications-ordre\/sante-et-securite-du-public-voir-au-dela-du-code-de-construction\/\">\n    <div class=\"post-item__thumbnail-wrapper\">\n      <img loading=\"lazy\" decoding=\"async\" width=\"900\" height=\"600\" src=\"https:\/\/www.oaq.com\/ressources\/wp-content\/uploads\/sites\/2\/2026\/04\/iStock-1292750923-1-1-Custom.jpg\" class=\"attachment-large size-large wp-post-image\" alt=\"\" srcset=\"https:\/\/www.oaq.com\/ressources\/wp-content\/uploads\/sites\/2\/2026\/04\/iStock-1292750923-1-1-Custom.jpg 900w, https:\/\/www.oaq.com\/ressources\/wp-content\/uploads\/sites\/2\/2026\/04\/iStock-1292750923-1-1-Custom-300x200.jpg 300w, https:\/\/www.oaq.com\/ressources\/wp-content\/uploads\/sites\/2\/2026\/04\/iStock-1292750923-1-1-Custom-768x512.jpg 768w\" sizes=\"auto, (max-width: 900px) 100vw, 900px\" \/>    <\/div>\n    <div class=\"post-item__content-wrapper\">\n              <div class=\"post-item__tags\">\n                      <p class=\"tag tag--primary\">\n              <span class=\"sr-only\">Type de contenu : <\/span>\n              Article            <\/p>\n                  <\/div>\n                  <p class=\"post-item__title\">Sant\u00e9 et s\u00e9curit\u00e9 du public : voir au-del\u00e0 du Code de construction<\/p>\n      <p class=\"post-item__read-more\">\n        <span class=\"read-more-label\">Lire la suite<\/span>\n        <span class=\"read-more-icon icon-chevron-right\"><\/span>\n      <\/p>\n    <\/div>\n  <\/a>\n<\/div>\n\n<div class=\"post-item post-item--post\">\n  <a class=\"post-item__inner\" href=\"https:\/\/www.oaq.com\/ressources\/publications-ordre\/publicite-et-rabais-dhonoraires-bien-comprendre-les-enjeux\/\">\n    <div class=\"post-item__thumbnail-wrapper\">\n      <img loading=\"lazy\" decoding=\"async\" width=\"751\" height=\"600\" src=\"https:\/\/www.oaq.com\/ressources\/wp-content\/uploads\/sites\/2\/2026\/04\/iStock-skynesher-Custom-e1775164481992.jpg\" class=\"attachment-large size-large wp-post-image\" alt=\"\" srcset=\"https:\/\/www.oaq.com\/ressources\/wp-content\/uploads\/sites\/2\/2026\/04\/iStock-skynesher-Custom-e1775164481992.jpg 751w, https:\/\/www.oaq.com\/ressources\/wp-content\/uploads\/sites\/2\/2026\/04\/iStock-skynesher-Custom-e1775164481992-300x240.jpg 300w\" sizes=\"auto, (max-width: 751px) 100vw, 751px\" \/>    <\/div>\n    <div class=\"post-item__content-wrapper\">\n              <div class=\"post-item__tags\">\n                      <p class=\"tag tag--primary\">\n              <span class=\"sr-only\">Type de contenu : <\/span>\n              Article            <\/p>\n                  <\/div>\n                  <p class=\"post-item__title\">Publicit\u00e9 et rabais d\u2019honoraires : bien comprendre les enjeux<\/p>\n      <p class=\"post-item__read-more\">\n        <span class=\"read-more-label\">Lire la suite<\/span>\n        <span class=\"read-more-icon icon-chevron-right\"><\/span>\n      <\/p>\n    <\/div>\n  <\/a>\n<\/div>\n\n<div class=\"post-item post-item--post\">\n  <a class=\"post-item__inner\" href=\"https:\/\/www.oaq.com\/ressources\/publications-ordre\/etancheite-des-enveloppes-tirer-des-lecons-dhier-pour-mieux-agir-demain\/\">\n    <div class=\"post-item__thumbnail-wrapper\">\n      <img loading=\"lazy\" decoding=\"async\" width=\"600\" height=\"560\" src=\"https:\/\/www.oaq.com\/ressources\/wp-content\/uploads\/sites\/2\/2026\/04\/IMG_4941-1-Custom-rotated-1-e1775166279976.jpg\" class=\"attachment-large size-large wp-post-image\" alt=\"\" srcset=\"https:\/\/www.oaq.com\/ressources\/wp-content\/uploads\/sites\/2\/2026\/04\/IMG_4941-1-Custom-rotated-1-e1775166279976.jpg 600w, https:\/\/www.oaq.com\/ressources\/wp-content\/uploads\/sites\/2\/2026\/04\/IMG_4941-1-Custom-rotated-1-e1775166279976-300x280.jpg 300w\" sizes=\"auto, (max-width: 600px) 100vw, 600px\" \/>    <\/div>\n    <div class=\"post-item__content-wrapper\">\n              <div class=\"post-item__tags\">\n                      <p class=\"tag tag--primary\">\n              <span class=\"sr-only\">Type de contenu : <\/span>\n              Article            <\/p>\n                  <\/div>\n                  <p class=\"post-item__title\">\u00c9tanch\u00e9it\u00e9 des enveloppes : tirer des le\u00e7ons d\u2019hier pour mieux agir demain<\/p>\n      <p class=\"post-item__read-more\">\n        <span class=\"read-more-label\">Lire la suite<\/span>\n        <span class=\"read-more-icon icon-chevron-right\"><\/span>\n      <\/p>\n    <\/div>\n  <\/a>\n<\/div>\n\n<div class=\"post-item post-item--post\">\n  <a class=\"post-item__inner\" href=\"https:\/\/www.oaq.com\/ressources\/publications-ordre\/plateformes-collaboratives-attention-aux-pieges\/\">\n    <div class=\"post-item__thumbnail-wrapper\">\n      <img loading=\"lazy\" decoding=\"async\" width=\"1024\" height=\"790\" src=\"https:\/\/www.oaq.com\/ressources\/wp-content\/uploads\/sites\/2\/2026\/03\/plates-formes-collaboratives-1024x790.jpg\" class=\"attachment-large size-large wp-post-image\" alt=\"\" srcset=\"https:\/\/www.oaq.com\/ressources\/wp-content\/uploads\/sites\/2\/2026\/03\/plates-formes-collaboratives-1024x790.jpg 1024w, https:\/\/www.oaq.com\/ressources\/wp-content\/uploads\/sites\/2\/2026\/03\/plates-formes-collaboratives-300x231.jpg 300w, https:\/\/www.oaq.com\/ressources\/wp-content\/uploads\/sites\/2\/2026\/03\/plates-formes-collaboratives-768x592.jpg 768w, https:\/\/www.oaq.com\/ressources\/wp-content\/uploads\/sites\/2\/2026\/03\/plates-formes-collaboratives.jpg 1535w\" sizes=\"auto, (max-width: 1024px) 100vw, 1024px\" \/>    <\/div>\n    <div class=\"post-item__content-wrapper\">\n              <div class=\"post-item__tags\">\n                      <p class=\"tag tag--primary\">\n              <span class=\"sr-only\">Type de contenu : <\/span>\n              Article            <\/p>\n                  <\/div>\n                  <p class=\"post-item__title\">Plateformes collaboratives : attention aux pi\u00e8ges\u2009!<\/p>\n      <p class=\"post-item__read-more\">\n        <span class=\"read-more-label\">Lire la suite<\/span>\n        <span class=\"read-more-icon icon-chevron-right\"><\/span>\n      <\/p>\n    <\/div>\n  <\/a>\n<\/div>\n\n<div class=\"post-item post-item--post\">\n  <a class=\"post-item__inner\" href=\"https:\/\/www.oaq.com\/ressources\/publications-ordre\/collaboration-entre-architectes-et-arpenteurs-geometres-5-bonnes-pratiques-a-considerer\/\">\n    <div class=\"post-item__thumbnail-wrapper\">\n      <img loading=\"lazy\" decoding=\"async\" width=\"900\" height=\"600\" src=\"https:\/\/www.oaq.com\/ressources\/wp-content\/uploads\/sites\/2\/2025\/12\/Arpentage.jpg\" class=\"attachment-large size-large wp-post-image\" alt=\"\" srcset=\"https:\/\/www.oaq.com\/ressources\/wp-content\/uploads\/sites\/2\/2025\/12\/Arpentage.jpg 900w, https:\/\/www.oaq.com\/ressources\/wp-content\/uploads\/sites\/2\/2025\/12\/Arpentage-300x200.jpg 300w, https:\/\/www.oaq.com\/ressources\/wp-content\/uploads\/sites\/2\/2025\/12\/Arpentage-768x512.jpg 768w\" sizes=\"auto, (max-width: 900px) 100vw, 900px\" \/>    <\/div>\n    <div class=\"post-item__content-wrapper\">\n              <div class=\"post-item__tags\">\n                      <p class=\"tag tag--primary\">\n              <span class=\"sr-only\">Type de contenu : <\/span>\n              Article            <\/p>\n                  <\/div>\n                  <p class=\"post-item__title\">Collaboration entre architectes et\u00a0arpenteurs-g\u00e9om\u00e8tres : 5 bonnes pratiques \u00e0 consid\u00e9rer\u00a0<\/p>\n      <p class=\"post-item__read-more\">\n        <span class=\"read-more-label\">Lire la suite<\/span>\n        <span class=\"read-more-icon icon-chevron-right\"><\/span>\n      <\/p>\n    <\/div>\n  <\/a>\n<\/div>\n\n<div class=\"post-item post-item--post\">\n  <a class=\"post-item__inner\" href=\"https:\/\/www.oaq.com\/ressources\/publications-ordre\/redaction-des-devis-enjeux-et-responsabilite-professionnelle\/\">\n    <div class=\"post-item__thumbnail-wrapper\">\n      <img loading=\"lazy\" decoding=\"async\" width=\"600\" height=\"400\" src=\"https:\/\/www.oaq.com\/ressources\/wp-content\/uploads\/sites\/2\/2026\/03\/redaction-devis.jpg\" class=\"attachment-large size-large wp-post-image\" alt=\"\" srcset=\"https:\/\/www.oaq.com\/ressources\/wp-content\/uploads\/sites\/2\/2026\/03\/redaction-devis.jpg 600w, https:\/\/www.oaq.com\/ressources\/wp-content\/uploads\/sites\/2\/2026\/03\/redaction-devis-300x200.jpg 300w\" sizes=\"auto, (max-width: 600px) 100vw, 600px\" \/>    <\/div>\n    <div class=\"post-item__content-wrapper\">\n              <div class=\"post-item__tags\">\n                      <p class=\"tag tag--primary\">\n              <span class=\"sr-only\">Type de contenu : <\/span>\n              Article            <\/p>\n                  <\/div>\n                  <p class=\"post-item__title\">R\u00e9daction des devis : enjeux et responsabilit\u00e9 professionnelle<\/p>\n      <p class=\"post-item__read-more\">\n        <span class=\"read-more-label\">Lire la suite<\/span>\n        <span class=\"read-more-icon icon-chevron-right\"><\/span>\n      <\/p>\n    <\/div>\n  <\/a>\n<\/div>\n\n<div class=\"post-item post-item--post\">\n  <a class=\"post-item__inner\" href=\"https:\/\/www.oaq.com\/ressources\/publications-ordre\/cahier-special-sur-le-sceau-de-complaisance\/\">\n    <div class=\"post-item__thumbnail-wrapper\">\n      <img loading=\"lazy\" decoding=\"async\" width=\"900\" height=\"651\" src=\"https:\/\/www.oaq.com\/ressources\/wp-content\/uploads\/sites\/2\/2025\/12\/Couverture-cahier-sceau-low-scaled-e1757944870639.jpg\" class=\"attachment-large size-large wp-post-image\" alt=\"\" srcset=\"https:\/\/www.oaq.com\/ressources\/wp-content\/uploads\/sites\/2\/2025\/12\/Couverture-cahier-sceau-low-scaled-e1757944870639.jpg 900w, https:\/\/www.oaq.com\/ressources\/wp-content\/uploads\/sites\/2\/2025\/12\/Couverture-cahier-sceau-low-scaled-e1757944870639-300x217.jpg 300w, https:\/\/www.oaq.com\/ressources\/wp-content\/uploads\/sites\/2\/2025\/12\/Couverture-cahier-sceau-low-scaled-e1757944870639-768x556.jpg 768w\" sizes=\"auto, (max-width: 900px) 100vw, 900px\" \/>    <\/div>\n    <div class=\"post-item__content-wrapper\">\n              <div class=\"post-item__tags\">\n                      <p class=\"tag tag--primary\">\n              <span class=\"sr-only\">Type de contenu : <\/span>\n              Guide            <\/p>\n                  <\/div>\n                  <p class=\"post-item__title\">Cahier sp\u00e9cial sur le sceau de complaisance<\/p>\n      <p class=\"post-item__read-more\">\n        <span class=\"read-more-label\">Lire la suite<\/span>\n        <span class=\"read-more-icon icon-chevron-right\"><\/span>\n      <\/p>\n    <\/div>\n  <\/a>\n<\/div>\n\n<div class=\"post-item post-item--post\">\n  <a class=\"post-item__inner\" href=\"https:\/\/www.oaq.com\/ressources\/publications-ordre\/collaborer-a-son-inspection-professionnelle-une-obligation-et-non-un-choix\/\">\n    <div class=\"post-item__thumbnail-wrapper\">\n      <img decoding=\"async\" src=\"https:\/\/www.oaq.com\/ressources\/wp-content\/themes\/ressources.oaq.com\/dist\/images\/defaults\/default.png\" alt=\"\">    <\/div>\n    <div class=\"post-item__content-wrapper\">\n              <div class=\"post-item__tags\">\n                      <p class=\"tag tag--primary\">\n              <span class=\"sr-only\">Type de contenu : <\/span>\n              Article            <\/p>\n                  <\/div>\n                  <p class=\"post-item__title\">Collaborer \u00e0 son inspection professionnelle\u00a0: une obligation et non un choix<\/p>\n      <p class=\"post-item__read-more\">\n        <span class=\"read-more-label\">Lire la suite<\/span>\n        <span class=\"read-more-icon icon-chevron-right\"><\/span>\n      <\/p>\n    <\/div>\n  <\/a>\n<\/div>\n\n<div class=\"post-item post-item--post\">\n  <a class=\"post-item__inner\" href=\"https:\/\/www.oaq.com\/ressources\/publications-ordre\/architecture-scolaire-gerer-les-risques-proteger-sa-pratique\/\">\n    <div class=\"post-item__thumbnail-wrapper\">\n      <img loading=\"lazy\" decoding=\"async\" width=\"700\" height=\"419\" src=\"https:\/\/www.oaq.com\/ressources\/wp-content\/uploads\/sites\/2\/2025\/12\/AdobeStock_622353665-scaled-e1757689386754.jpg\" class=\"attachment-large size-large wp-post-image\" alt=\"\" srcset=\"https:\/\/www.oaq.com\/ressources\/wp-content\/uploads\/sites\/2\/2025\/12\/AdobeStock_622353665-scaled-e1757689386754.jpg 700w, https:\/\/www.oaq.com\/ressources\/wp-content\/uploads\/sites\/2\/2025\/12\/AdobeStock_622353665-scaled-e1757689386754-300x180.jpg 300w\" sizes=\"auto, (max-width: 700px) 100vw, 700px\" \/>    <\/div>\n    <div class=\"post-item__content-wrapper\">\n              <div class=\"post-item__tags\">\n                      <p class=\"tag tag--primary\">\n              <span class=\"sr-only\">Type de contenu : <\/span>\n              Article            <\/p>\n                  <\/div>\n                  <p class=\"post-item__title\">Architecture scolaire : g\u00e9rer les risques, prot\u00e9ger sa pratique<\/p>\n      <p class=\"post-item__read-more\">\n        <span class=\"read-more-label\">Lire la suite<\/span>\n        <span class=\"read-more-icon icon-chevron-right\"><\/span>\n      <\/p>\n    <\/div>\n  <\/a>\n<\/div>\n\n<div class=\"post-item post-item--post\">\n  <a class=\"post-item__inner\" href=\"https:\/\/www.oaq.com\/ressources\/publications-ordre\/prevenir-le-sceau-de-complaisance-lignes-directrices-de-loaq\/\">\n    <div class=\"post-item__thumbnail-wrapper\">\n      <img decoding=\"async\" src=\"https:\/\/www.oaq.com\/ressources\/wp-content\/themes\/ressources.oaq.com\/dist\/images\/defaults\/default.png\" alt=\"\">    <\/div>\n    <div class=\"post-item__content-wrapper\">\n              <div class=\"post-item__tags\">\n                      <p class=\"tag tag--primary\">\n              <span class=\"sr-only\">Type de contenu : <\/span>\n              Norme            <\/p>\n                  <\/div>\n                  <p class=\"post-item__title\">Pr\u00e9venir le sceau de complaisance : lignes directrices de l&#039;OAQ<\/p>\n      <p class=\"post-item__read-more\">\n        <span class=\"read-more-label\">Lire la suite<\/span>\n        <span class=\"read-more-icon icon-chevron-right\"><\/span>\n      <\/p>\n    <\/div>\n  <\/a>\n<\/div>\n\n<div class=\"post-item post-item--post\">\n  <a class=\"post-item__inner\" href=\"https:\/\/www.oaq.com\/ressources\/publications-ordre\/aide-memoire-direction-du-travail\/\">\n    <div class=\"post-item__thumbnail-wrapper\">\n      <img loading=\"lazy\" decoding=\"async\" width=\"800\" height=\"533\" src=\"https:\/\/www.oaq.com\/ressources\/wp-content\/uploads\/sites\/2\/2025\/12\/Aide-memoire-scaled-e1757691452928.jpg\" class=\"attachment-large size-large wp-post-image\" alt=\"\" srcset=\"https:\/\/www.oaq.com\/ressources\/wp-content\/uploads\/sites\/2\/2025\/12\/Aide-memoire-scaled-e1757691452928.jpg 800w, https:\/\/www.oaq.com\/ressources\/wp-content\/uploads\/sites\/2\/2025\/12\/Aide-memoire-scaled-e1757691452928-300x200.jpg 300w, https:\/\/www.oaq.com\/ressources\/wp-content\/uploads\/sites\/2\/2025\/12\/Aide-memoire-scaled-e1757691452928-768x512.jpg 768w\" sizes=\"auto, (max-width: 800px) 100vw, 800px\" \/>    <\/div>\n    <div class=\"post-item__content-wrapper\">\n                  <p class=\"post-item__title\">Aide-m\u00e9moire : direction du travail<\/p>\n      <p class=\"post-item__read-more\">\n        <span class=\"read-more-label\">Lire la suite<\/span>\n        <span class=\"read-more-icon icon-chevron-right\"><\/span>\n      <\/p>\n    <\/div>\n  <\/a>\n<\/div>\n\n<div class=\"post-item post-item--post\">\n  <a class=\"post-item__inner\" href=\"https:\/\/www.oaq.com\/ressources\/publications-ordre\/consortiums-des-rappels-importants\/\">\n    <div class=\"post-item__thumbnail-wrapper\">\n      <img loading=\"lazy\" decoding=\"async\" width=\"887\" height=\"600\" src=\"https:\/\/www.oaq.com\/ressources\/wp-content\/uploads\/sites\/2\/2025\/12\/AdobeStock_544199063-Custom.jpeg\" class=\"attachment-large size-large wp-post-image\" alt=\"\" srcset=\"https:\/\/www.oaq.com\/ressources\/wp-content\/uploads\/sites\/2\/2025\/12\/AdobeStock_544199063-Custom.jpeg 887w, https:\/\/www.oaq.com\/ressources\/wp-content\/uploads\/sites\/2\/2025\/12\/AdobeStock_544199063-Custom-300x203.jpeg 300w, https:\/\/www.oaq.com\/ressources\/wp-content\/uploads\/sites\/2\/2025\/12\/AdobeStock_544199063-Custom-768x520.jpeg 768w\" sizes=\"auto, (max-width: 887px) 100vw, 887px\" \/>    <\/div>\n    <div class=\"post-item__content-wrapper\">\n              <div class=\"post-item__tags\">\n                      <p class=\"tag tag--primary\">\n              <span class=\"sr-only\">Type de contenu : <\/span>\n              Article            <\/p>\n                  <\/div>\n                  <p class=\"post-item__title\">Consortiums\u2009: des rappels importants\u2009!\u00a0<\/p>\n      <p class=\"post-item__read-more\">\n        <span class=\"read-more-label\">Lire la suite<\/span>\n        <span class=\"read-more-icon icon-chevron-right\"><\/span>\n      <\/p>\n    <\/div>\n  <\/a>\n<\/div>\n    <\/div>\n    <div class=\"block-listing__pagination\">\n      <div class=\"facetwp-facet facetwp-facet-pagination facetwp-type-pager\" data-name=\"pagination\" data-type=\"pager\"><\/div>    <\/div>\n<\/section>\n\n\n\n<p><\/p>\n","protected":false},"excerpt":{"rendered":"","protected":false},"author":1,"featured_media":0,"parent":0,"menu_order":0,"comment_status":"closed","ping_status":"closed","template":"","meta":{"_acf_changed":false,"_relevanssi_hide_post":"","_relevanssi_hide_content":"","_relevanssi_pin_for_all":"","_relevanssi_pin_keywords":"","_relevanssi_unpin_keywords":"","_relevanssi_related_keywords":"","_relevanssi_related_include_ids":"","_relevanssi_related_exclude_ids":"","_relevanssi_related_no_append":"","_relevanssi_related_not_related":"","_relevanssi_related_posts":"1","_relevanssi_noindex_reason":"","footnotes":""},"class_list":["post-11","page","type-page","status-publish","hentry"],"acf":[],"yoast_head":"<!-- This site is optimized with the Yoast SEO plugin v27.2 - https:\/\/yoast.com\/product\/yoast-seo-wordpress\/ -->\n<title>Publications de l&#039;Ordre - Espace Ressources<\/title>\n<meta name=\"robots\" content=\"index, follow, max-snippet:-1, max-image-preview:large, max-video-preview:-1\" \/>\n<link rel=\"canonical\" href=\"https:\/\/www.oaq.com\/ressources\/publications-ordre\/\" \/>\n<meta property=\"og:locale\" content=\"fr_CA\" \/>\n<meta property=\"og:type\" content=\"article\" \/>\n<meta property=\"og:title\" content=\"Publications de l&#039;Ordre - Espace Ressources\" \/>\n<meta property=\"og:url\" content=\"https:\/\/www.oaq.com\/ressources\/publications-ordre\/\" \/>\n<meta property=\"og:site_name\" content=\"Espace Ressources\" \/>\n<meta property=\"article:modified_time\" content=\"2025-12-15T19:44:31+00:00\" \/>\n<meta name=\"twitter:card\" content=\"summary_large_image\" \/>\n<script type=\"application\/ld+json\" class=\"yoast-schema-graph\">{\"@context\":\"https:\/\/schema.org\",\"@graph\":[{\"@type\":\"WebPage\",\"@id\":\"https:\/\/www.oaq.com\/ressources\/publications-ordre\/\",\"url\":\"https:\/\/www.oaq.com\/ressources\/publications-ordre\/\",\"name\":\"Publications de l'Ordre - Espace Ressources\",\"isPartOf\":{\"@id\":\"https:\/\/www.oaq.com\/ressources\/#website\"},\"datePublished\":\"2025-11-03T22:13:19+00:00\",\"dateModified\":\"2025-12-15T19:44:31+00:00\",\"breadcrumb\":{\"@id\":\"https:\/\/www.oaq.com\/ressources\/publications-ordre\/#breadcrumb\"},\"inLanguage\":\"fr-CA\",\"potentialAction\":[{\"@type\":\"ReadAction\",\"target\":[\"https:\/\/www.oaq.com\/ressources\/publications-ordre\/\"]}]},{\"@type\":\"BreadcrumbList\",\"@id\":\"https:\/\/www.oaq.com\/ressources\/publications-ordre\/#breadcrumb\",\"itemListElement\":[{\"@type\":\"ListItem\",\"position\":1,\"name\":\"Accueil\",\"item\":\"https:\/\/www.oaq.com\/ressources\/\"},{\"@type\":\"ListItem\",\"position\":2,\"name\":\"Publications de l&rsquo;Ordre\"}]},{\"@type\":\"WebSite\",\"@id\":\"https:\/\/www.oaq.com\/ressources\/#website\",\"url\":\"https:\/\/www.oaq.com\/ressources\/\",\"name\":\"Espace Ressources\",\"description\":\"\",\"potentialAction\":[{\"@type\":\"SearchAction\",\"target\":{\"@type\":\"EntryPoint\",\"urlTemplate\":\"https:\/\/www.oaq.com\/ressources\/?s={search_term_string}\"},\"query-input\":{\"@type\":\"PropertyValueSpecification\",\"valueRequired\":true,\"valueName\":\"search_term_string\"}}],\"inLanguage\":\"fr-CA\"}]}<\/script>\n<!-- \/ Yoast SEO plugin. -->","yoast_head_json":{"title":"Publications de l'Ordre - Espace Ressources","robots":{"index":"index","follow":"follow","max-snippet":"max-snippet:-1","max-image-preview":"max-image-preview:large","max-video-preview":"max-video-preview:-1"},"canonical":"https:\/\/www.oaq.com\/ressources\/publications-ordre\/","og_locale":"fr_CA","og_type":"article","og_title":"Publications de l'Ordre - Espace Ressources","og_url":"https:\/\/www.oaq.com\/ressources\/publications-ordre\/","og_site_name":"Espace Ressources","article_modified_time":"2025-12-15T19:44:31+00:00","twitter_card":"summary_large_image","schema":{"@context":"https:\/\/schema.org","@graph":[{"@type":"WebPage","@id":"https:\/\/www.oaq.com\/ressources\/publications-ordre\/","url":"https:\/\/www.oaq.com\/ressources\/publications-ordre\/","name":"Publications de l'Ordre - Espace Ressources","isPartOf":{"@id":"https:\/\/www.oaq.com\/ressources\/#website"},"datePublished":"2025-11-03T22:13:19+00:00","dateModified":"2025-12-15T19:44:31+00:00","breadcrumb":{"@id":"https:\/\/www.oaq.com\/ressources\/publications-ordre\/#breadcrumb"},"inLanguage":"fr-CA","potentialAction":[{"@type":"ReadAction","target":["https:\/\/www.oaq.com\/ressources\/publications-ordre\/"]}]},{"@type":"BreadcrumbList","@id":"https:\/\/www.oaq.com\/ressources\/publications-ordre\/#breadcrumb","itemListElement":[{"@type":"ListItem","position":1,"name":"Accueil","item":"https:\/\/www.oaq.com\/ressources\/"},{"@type":"ListItem","position":2,"name":"Publications de l&rsquo;Ordre"}]},{"@type":"WebSite","@id":"https:\/\/www.oaq.com\/ressources\/#website","url":"https:\/\/www.oaq.com\/ressources\/","name":"Espace Ressources","description":"","potentialAction":[{"@type":"SearchAction","target":{"@type":"EntryPoint","urlTemplate":"https:\/\/www.oaq.com\/ressources\/?s={search_term_string}"},"query-input":{"@type":"PropertyValueSpecification","valueRequired":true,"valueName":"search_term_string"}}],"inLanguage":"fr-CA"}]}},"_links":{"self":[{"href":"https:\/\/www.oaq.com\/ressources\/wp-json\/wp\/v2\/pages\/11","targetHints":{"allow":["GET"]}}],"collection":[{"href":"https:\/\/www.oaq.com\/ressources\/wp-json\/wp\/v2\/pages"}],"about":[{"href":"https:\/\/www.oaq.com\/ressources\/wp-json\/wp\/v2\/types\/page"}],"author":[{"embeddable":true,"href":"https:\/\/www.oaq.com\/ressources\/wp-json\/wp\/v2\/users\/1"}],"replies":[{"embeddable":true,"href":"https:\/\/www.oaq.com\/ressources\/wp-json\/wp\/v2\/comments?post=11"}],"version-history":[{"count":9,"href":"https:\/\/www.oaq.com\/ressources\/wp-json\/wp\/v2\/pages\/11\/revisions"}],"predecessor-version":[{"id":1069,"href":"https:\/\/www.oaq.com\/ressources\/wp-json\/wp\/v2\/pages\/11\/revisions\/1069"}],"wp:attachment":[{"href":"https:\/\/www.oaq.com\/ressources\/wp-json\/wp\/v2\/media?parent=11"}],"curies":[{"name":"wp","href":"https:\/\/api.w.org\/{rel}","templated":true}]}}