{"id":9,"date":"2025-11-03T17:12:57","date_gmt":"2025-11-03T22:12:57","guid":{"rendered":"https:\/\/www.oaq.com\/ressources\/?page_id=9"},"modified":"2026-03-02T09:21:49","modified_gmt":"2026-03-02T14:21:49","slug":"actualites","status":"publish","type":"page","link":"https:\/\/www.oaq.com\/ressources\/actualites\/","title":{"rendered":"Actualit\u00e9s"},"content":{"rendered":"<section class=\"block-listing alignwide\"\n>\n    <div class=\"block-listing__listing facetwp-template\">\n      \n<div class=\"post-item post-item--news\">\n  <a class=\"post-item__inner\" href=\"https:\/\/www.oaq.com\/ressources\/actualites\/mise-a-jour-du-guide-sur-laccessibilite-des-batiments-de-la-rbq\/\">\n    <div class=\"post-item__thumbnail-wrapper\">\n      <img loading=\"lazy\" decoding=\"async\" width=\"1024\" height=\"791\" src=\"https:\/\/www.oaq.com\/ressources\/wp-content\/uploads\/sites\/2\/2026\/04\/image-guide-accessibilite-batiment_2026-1024x791.jpg\" class=\"attachment-large size-large wp-post-image\" alt=\"\" srcset=\"https:\/\/www.oaq.com\/ressources\/wp-content\/uploads\/sites\/2\/2026\/04\/image-guide-accessibilite-batiment_2026-1024x791.jpg 1024w, https:\/\/www.oaq.com\/ressources\/wp-content\/uploads\/sites\/2\/2026\/04\/image-guide-accessibilite-batiment_2026-300x232.jpg 300w, https:\/\/www.oaq.com\/ressources\/wp-content\/uploads\/sites\/2\/2026\/04\/image-guide-accessibilite-batiment_2026-768x593.jpg 768w, https:\/\/www.oaq.com\/ressources\/wp-content\/uploads\/sites\/2\/2026\/04\/image-guide-accessibilite-batiment_2026-1536x1187.jpg 1536w, https:\/\/www.oaq.com\/ressources\/wp-content\/uploads\/sites\/2\/2026\/04\/image-guide-accessibilite-batiment_2026-2048x1583.jpg 2048w, https:\/\/www.oaq.com\/ressources\/wp-content\/uploads\/sites\/2\/2026\/04\/image-guide-accessibilite-batiment_2026-scaled-e1775139552778.jpg 900w\" sizes=\"auto, (max-width: 1024px) 100vw, 1024px\" \/>    <\/div>\n    <div class=\"post-item__content-wrapper\">\n                    <p class=\"post-item__date\">2 avril 2026<\/p>\n            <p class=\"post-item__title\">Mise \u00e0 jour du Guide sur l&#039;accessibilit\u00e9 des b\u00e2timents de la RBQ<\/p>\n      <p class=\"post-item__read-more\">\n        <span class=\"read-more-label\">Lire la suite<\/span>\n        <span class=\"read-more-icon icon-chevron-right\"><\/span>\n      <\/p>\n    <\/div>\n  <\/a>\n<\/div>\n\n<div class=\"post-item post-item--news\">\n  <a class=\"post-item__inner\" href=\"https:\/\/www.oaq.com\/ressources\/actualites\/bienvenue-sur-espace-ressources\/\">\n    <div class=\"post-item__thumbnail-wrapper\">\n      <img loading=\"lazy\" decoding=\"async\" width=\"1024\" height=\"576\" src=\"https:\/\/www.oaq.com\/ressources\/wp-content\/uploads\/sites\/2\/2026\/03\/Logo-Espace-Ressources-Web-1024x576.png\" class=\"attachment-large size-large wp-post-image\" alt=\"\" srcset=\"https:\/\/www.oaq.com\/ressources\/wp-content\/uploads\/sites\/2\/2026\/03\/Logo-Espace-Ressources-Web-1024x576.png 1024w, https:\/\/www.oaq.com\/ressources\/wp-content\/uploads\/sites\/2\/2026\/03\/Logo-Espace-Ressources-Web-300x169.png 300w, https:\/\/www.oaq.com\/ressources\/wp-content\/uploads\/sites\/2\/2026\/03\/Logo-Espace-Ressources-Web-768x432.png 768w, https:\/\/www.oaq.com\/ressources\/wp-content\/uploads\/sites\/2\/2026\/03\/Logo-Espace-Ressources-Web.png 1366w\" sizes=\"auto, (max-width: 1024px) 100vw, 1024px\" \/>    <\/div>\n    <div class=\"post-item__content-wrapper\">\n                    <p class=\"post-item__date\">2 mars 2026<\/p>\n            <p class=\"post-item__title\">Bienvenue dans Espace ressources<\/p>\n      <p class=\"post-item__read-more\">\n        <span class=\"read-more-label\">Lire la suite<\/span>\n        <span class=\"read-more-icon icon-chevron-right\"><\/span>\n      <\/p>\n    <\/div>\n  <\/a>\n<\/div>\n\n<div class=\"post-item post-item--news\">\n  <a class=\"post-item__inner\" href=\"https:\/\/www.oaq.com\/ressources\/actualites\/publication-des-codes-modeles-nationaux-2025\/\">\n    <div class=\"post-item__thumbnail-wrapper\">\n      <img loading=\"lazy\" decoding=\"async\" width=\"800\" height=\"600\" src=\"https:\/\/www.oaq.com\/ressources\/wp-content\/uploads\/sites\/2\/2026\/01\/Code-de-construction-Canada-2025-leger.jpg\" class=\"attachment-large size-large wp-post-image\" alt=\"\" \/>    <\/div>\n    <div class=\"post-item__content-wrapper\">\n                    <p class=\"post-item__date\">7 janvier 2026<\/p>\n            <p class=\"post-item__title\">Publication des codes mod\u00e8les nationaux 2025<\/p>\n      <p class=\"post-item__read-more\">\n        <span class=\"read-more-label\">Lire la suite<\/span>\n        <span class=\"read-more-icon icon-chevron-right\"><\/span>\n      <\/p>\n    <\/div>\n  <\/a>\n<\/div>\n\n<div class=\"post-item post-item--news\">\n  <a class=\"post-item__inner\" href=\"https:\/\/www.oaq.com\/ressources\/actualites\/nouveau-reglement-paiements-rapides-et-reglement-des-differends\/\">\n    <div class=\"post-item__thumbnail-wrapper\">\n      <img loading=\"lazy\" decoding=\"async\" width=\"600\" height=\"400\" src=\"https:\/\/www.oaq.com\/ressources\/wp-content\/uploads\/sites\/2\/2025\/12\/Litige-paiement.jpg\" class=\"attachment-large size-large wp-post-image\" alt=\"\" srcset=\"https:\/\/www.oaq.com\/ressources\/wp-content\/uploads\/sites\/2\/2025\/12\/Litige-paiement.jpg 600w, https:\/\/www.oaq.com\/ressources\/wp-content\/uploads\/sites\/2\/2025\/12\/Litige-paiement-300x200.jpg 300w\" sizes=\"auto, (max-width: 600px) 100vw, 600px\" \/>    <\/div>\n    <div class=\"post-item__content-wrapper\">\n                    <p class=\"post-item__date\">16 D\u00e9cembre 2025<\/p>\n            <p class=\"post-item__title\">Nouveau r\u00e8glement : paiements rapides et r\u00e8glement des diff\u00e9rends<\/p>\n      <p class=\"post-item__read-more\">\n        <span class=\"read-more-label\">Lire la suite<\/span>\n        <span class=\"read-more-icon icon-chevron-right\"><\/span>\n      <\/p>\n    <\/div>\n  <\/a>\n<\/div>\n\n<div class=\"post-item post-item--news\">\n  <a class=\"post-item__inner\" href=\"https:\/\/www.oaq.com\/ressources\/actualites\/nouveau-code-de-construction\/\">\n    <div class=\"post-item__thumbnail-wrapper\">\n      <img loading=\"lazy\" decoding=\"async\" width=\"806\" height=\"544\" src=\"https:\/\/www.oaq.com\/ressources\/wp-content\/uploads\/sites\/2\/2025\/12\/Code-de-construction.png\" class=\"attachment-large size-large wp-post-image\" alt=\"\" srcset=\"https:\/\/www.oaq.com\/ressources\/wp-content\/uploads\/sites\/2\/2025\/12\/Code-de-construction.png 806w, https:\/\/www.oaq.com\/ressources\/wp-content\/uploads\/sites\/2\/2025\/12\/Code-de-construction-300x202.png 300w, https:\/\/www.oaq.com\/ressources\/wp-content\/uploads\/sites\/2\/2025\/12\/Code-de-construction-768x518.png 768w\" sizes=\"auto, (max-width: 806px) 100vw, 806px\" \/>    <\/div>\n    <div class=\"post-item__content-wrapper\">\n                    <p class=\"post-item__date\">5 D\u00e9cembre 2025<\/p>\n            <p class=\"post-item__title\">Nouveau Code de construction<\/p>\n      <p class=\"post-item__read-more\">\n        <span class=\"read-more-label\">Lire la suite<\/span>\n        <span class=\"read-more-icon icon-chevron-right\"><\/span>\n      <\/p>\n    <\/div>\n  <\/a>\n<\/div>\n\n<div class=\"post-item post-item--news\">\n  <a class=\"post-item__inner\" href=\"https:\/\/www.oaq.com\/ressources\/actualites\/abrogation-du-decret-et-publication-du-guide-des-services-darchitecture\/\">\n    <div class=\"post-item__thumbnail-wrapper\">\n      <img loading=\"lazy\" decoding=\"async\" width=\"900\" height=\"620\" src=\"https:\/\/www.oaq.com\/ressources\/wp-content\/uploads\/sites\/2\/2025\/12\/guide-services-architecture-cover.jpg\" class=\"attachment-large size-large wp-post-image\" alt=\"\" \/>    <\/div>\n    <div class=\"post-item__content-wrapper\">\n                    <p class=\"post-item__date\">6 juillet 2025<\/p>\n            <p class=\"post-item__title\">Abrogation du \u00ab d\u00e9cret \u00bb et publication du Guide des services d&#039;architecture<\/p>\n      <p class=\"post-item__read-more\">\n        <span class=\"read-more-label\">Lire la suite<\/span>\n        <span class=\"read-more-icon icon-chevron-right\"><\/span>\n      <\/p>\n    <\/div>\n  <\/a>\n<\/div>\n    <\/div>\n    <div class=\"block-listing__pagination\">\n      <div class=\"facetwp-facet facetwp-facet-pagination facetwp-type-pager\" data-name=\"pagination\" data-type=\"pager\"><\/div>    <\/div>\n<\/section>\n","protected":false},"excerpt":{"rendered":"","protected":false},"author":1,"featured_media":0,"parent":0,"menu_order":0,"comment_status":"closed","ping_status":"closed","template":"","meta":{"_acf_changed":false,"_relevanssi_hide_post":"","_relevanssi_hide_content":"","_relevanssi_pin_for_all":"","_relevanssi_pin_keywords":"","_relevanssi_unpin_keywords":"","_relevanssi_related_keywords":"","_relevanssi_related_include_ids":"","_relevanssi_related_exclude_ids":"","_relevanssi_related_no_append":"","_relevanssi_related_not_related":"","_relevanssi_related_posts":"1","_relevanssi_noindex_reason":"","footnotes":""},"class_list":["post-9","page","type-page","status-publish","hentry"],"acf":[],"yoast_head":"<!-- This site is optimized with the Yoast SEO plugin v27.2 - https:\/\/yoast.com\/product\/yoast-seo-wordpress\/ -->\n<title>Actualit\u00e9s - Espace Ressources<\/title>\n<meta name=\"robots\" content=\"index, follow, max-snippet:-1, max-image-preview:large, max-video-preview:-1\" \/>\n<link rel=\"canonical\" href=\"https:\/\/www.oaq.com\/ressources\/actualites\/\" \/>\n<meta property=\"og:locale\" content=\"fr_CA\" \/>\n<meta property=\"og:type\" content=\"article\" \/>\n<meta property=\"og:title\" content=\"Actualit\u00e9s - Espace Ressources\" \/>\n<meta property=\"og:url\" content=\"https:\/\/www.oaq.com\/ressources\/actualites\/\" \/>\n<meta property=\"og:site_name\" content=\"Espace Ressources\" \/>\n<meta property=\"article:modified_time\" content=\"2026-03-02T14:21:49+00:00\" \/>\n<meta name=\"twitter:card\" content=\"summary_large_image\" \/>\n<meta name=\"twitter:label1\" content=\"Estimation du temps de lecture\" \/>\n\t<meta name=\"twitter:data1\" content=\"1 minute\" \/>\n<script type=\"application\/ld+json\" class=\"yoast-schema-graph\">{\"@context\":\"https:\/\/schema.org\",\"@graph\":[{\"@type\":\"WebPage\",\"@id\":\"https:\/\/www.oaq.com\/ressources\/actualites\/\",\"url\":\"https:\/\/www.oaq.com\/ressources\/actualites\/\",\"name\":\"Actualit\u00e9s - Espace Ressources\",\"isPartOf\":{\"@id\":\"https:\/\/www.oaq.com\/ressources\/#website\"},\"datePublished\":\"2025-11-03T22:12:57+00:00\",\"dateModified\":\"2026-03-02T14:21:49+00:00\",\"breadcrumb\":{\"@id\":\"https:\/\/www.oaq.com\/ressources\/actualites\/#breadcrumb\"},\"inLanguage\":\"fr-CA\",\"potentialAction\":[{\"@type\":\"ReadAction\",\"target\":[\"https:\/\/www.oaq.com\/ressources\/actualites\/\"]}]},{\"@type\":\"BreadcrumbList\",\"@id\":\"https:\/\/www.oaq.com\/ressources\/actualites\/#breadcrumb\",\"itemListElement\":[{\"@type\":\"ListItem\",\"position\":1,\"name\":\"Accueil\",\"item\":\"https:\/\/www.oaq.com\/ressources\/\"},{\"@type\":\"ListItem\",\"position\":2,\"name\":\"Actualit\u00e9s\"}]},{\"@type\":\"WebSite\",\"@id\":\"https:\/\/www.oaq.com\/ressources\/#website\",\"url\":\"https:\/\/www.oaq.com\/ressources\/\",\"name\":\"Espace Ressources\",\"description\":\"\",\"potentialAction\":[{\"@type\":\"SearchAction\",\"target\":{\"@type\":\"EntryPoint\",\"urlTemplate\":\"https:\/\/www.oaq.com\/ressources\/?s={search_term_string}\"},\"query-input\":{\"@type\":\"PropertyValueSpecification\",\"valueRequired\":true,\"valueName\":\"search_term_string\"}}],\"inLanguage\":\"fr-CA\"}]}<\/script>\n<!-- \/ Yoast SEO plugin. -->","yoast_head_json":{"title":"Actualit\u00e9s - Espace Ressources","robots":{"index":"index","follow":"follow","max-snippet":"max-snippet:-1","max-image-preview":"max-image-preview:large","max-video-preview":"max-video-preview:-1"},"canonical":"https:\/\/www.oaq.com\/ressources\/actualites\/","og_locale":"fr_CA","og_type":"article","og_title":"Actualit\u00e9s - Espace Ressources","og_url":"https:\/\/www.oaq.com\/ressources\/actualites\/","og_site_name":"Espace Ressources","article_modified_time":"2026-03-02T14:21:49+00:00","twitter_card":"summary_large_image","twitter_misc":{"Estimation du temps de lecture":"1 minute"},"schema":{"@context":"https:\/\/schema.org","@graph":[{"@type":"WebPage","@id":"https:\/\/www.oaq.com\/ressources\/actualites\/","url":"https:\/\/www.oaq.com\/ressources\/actualites\/","name":"Actualit\u00e9s - Espace Ressources","isPartOf":{"@id":"https:\/\/www.oaq.com\/ressources\/#website"},"datePublished":"2025-11-03T22:12:57+00:00","dateModified":"2026-03-02T14:21:49+00:00","breadcrumb":{"@id":"https:\/\/www.oaq.com\/ressources\/actualites\/#breadcrumb"},"inLanguage":"fr-CA","potentialAction":[{"@type":"ReadAction","target":["https:\/\/www.oaq.com\/ressources\/actualites\/"]}]},{"@type":"BreadcrumbList","@id":"https:\/\/www.oaq.com\/ressources\/actualites\/#breadcrumb","itemListElement":[{"@type":"ListItem","position":1,"name":"Accueil","item":"https:\/\/www.oaq.com\/ressources\/"},{"@type":"ListItem","position":2,"name":"Actualit\u00e9s"}]},{"@type":"WebSite","@id":"https:\/\/www.oaq.com\/ressources\/#website","url":"https:\/\/www.oaq.com\/ressources\/","name":"Espace Ressources","description":"","potentialAction":[{"@type":"SearchAction","target":{"@type":"EntryPoint","urlTemplate":"https:\/\/www.oaq.com\/ressources\/?s={search_term_string}"},"query-input":{"@type":"PropertyValueSpecification","valueRequired":true,"valueName":"search_term_string"}}],"inLanguage":"fr-CA"}]}},"_links":{"self":[{"href":"https:\/\/www.oaq.com\/ressources\/wp-json\/wp\/v2\/pages\/9","targetHints":{"allow":["GET"]}}],"collection":[{"href":"https:\/\/www.oaq.com\/ressources\/wp-json\/wp\/v2\/pages"}],"about":[{"href":"https:\/\/www.oaq.com\/ressources\/wp-json\/wp\/v2\/types\/page"}],"author":[{"embeddable":true,"href":"https:\/\/www.oaq.com\/ressources\/wp-json\/wp\/v2\/users\/1"}],"replies":[{"embeddable":true,"href":"https:\/\/www.oaq.com\/ressources\/wp-json\/wp\/v2\/comments?post=9"}],"version-history":[{"count":7,"href":"https:\/\/www.oaq.com\/ressources\/wp-json\/wp\/v2\/pages\/9\/revisions"}],"predecessor-version":[{"id":829,"href":"https:\/\/www.oaq.com\/ressources\/wp-json\/wp\/v2\/pages\/9\/revisions\/829"}],"wp:attachment":[{"href":"https:\/\/www.oaq.com\/ressources\/wp-json\/wp\/v2\/media?parent=9"}],"curies":[{"name":"wp","href":"https:\/\/api.w.org\/{rel}","templated":true}]}}